{"id":1153,"date":"2022-01-31T20:58:12","date_gmt":"2022-01-31T20:58:12","guid":{"rendered":"https:\/\/www.cueiwheels.com\/br\/?post_type=product&#038;p=1153"},"modified":"2026-04-01T12:53:44","modified_gmt":"2026-04-01T12:53:44","slug":"slide-pucks-casquilhos-para-luvas","status":"publish","type":"product","link":"https:\/\/www.cueiwheels.com\/br\/shop\/hardware\/general\/slide-pucks-casquilhos-para-luvas\/","title":{"rendered":"Slide Pucks &#8211; Casquilhos para Luvas"},"content":{"rendered":"<p>[et_pb_section fb_built=&#8221;1&#8243; _builder_version=&#8221;4.8.2&#8243; min_height=&#8221;73vh&#8221; custom_padding=&#8221;0px||||false|false&#8221;][et_pb_row _builder_version=&#8221;3.25&#8243; background_size=&#8221;initial&#8221; background_position=&#8221;top_left&#8221; background_repeat=&#8221;repeat&#8221; width=&#8221;100%&#8221; custom_padding=&#8221;0px||0px||false|false&#8221;][et_pb_column type=&#8221;4_4&#8243; _builder_version=&#8221;3.25&#8243; custom_padding=&#8221;|||&#8221; custom_padding__hover=&#8221;|||&#8221;][et_pb_wc_cart_notice _builder_version=&#8221;3.0.47&#8243;][\/et_pb_wc_cart_notice][\/et_pb_column][\/et_pb_row][et_pb_row column_structure=&#8221;1_2,1_2&#8243; _builder_version=&#8221;3.25&#8243; background_size=&#8221;initial&#8221; background_position=&#8221;top_left&#8221; background_repeat=&#8221;repeat&#8221; width=&#8221;100%&#8221; custom_padding=&#8221;0px||||false|false&#8221;][et_pb_column type=&#8221;1_2&#8243; _builder_version=&#8221;3.25&#8243; custom_padding=&#8221;|||&#8221; custom_padding__hover=&#8221;|||&#8221;][et_pb_wc_images _builder_version=&#8221;4.8.2&#8243;][\/et_pb_wc_images][\/et_pb_column][et_pb_column type=&#8221;1_2&#8243; _builder_version=&#8221;3.25&#8243; custom_padding=&#8221;|||&#8221; custom_padding__hover=&#8221;|||&#8221;][et_pb_wc_title _builder_version=&#8221;3.0.47&#8243;][\/et_pb_wc_title][et_pb_wc_price _builder_version=&#8221;3.0.47&#8243;][\/et_pb_wc_price][et_pb_wc_description _builder_version=&#8221;3.0.47&#8243;][\/et_pb_wc_description][et_pb_wc_add_to_cart _builder_version=&#8221;3.0.47&#8243;][\/et_pb_wc_add_to_cart][et_pb_divider _builder_version=&#8221;4.8.2&#8243; _module_preset=&#8221;default&#8221; custom_margin=&#8221;||0px||false|false&#8221;][\/et_pb_divider][et_pb_wc_description description_type=&#8221;description&#8221; _builder_version=&#8221;4.8.2&#8243; _module_preset=&#8221;default&#8221;][\/et_pb_wc_description][\/et_pb_column][\/et_pb_row][\/et_pb_section]<\/p>\n","protected":false},"excerpt":{"rendered":"<p>Casquilhos para luvas de Skate e Patins, com 82mm de di\u00e2metro e 1,3mm de espessura. Esse casquilho possui o material muito duro o que o torna o m\u00e1ximo escorregadio poss\u00edvel, evitando de agarrar a m\u00e3o quando sendo utilizados, al\u00e9m do design completamente arredondados para evitar de agarrar em qualquer lugar que seja, produto de alta performance e com excelente velcro.<br \/>\nFeito em Polietileno, pl\u00e1stico extremamente resistente. O produto vem em pares e novo.<\/p>\n","protected":false},"featured_media":1170,"template":"","meta":{"_et_pb_use_builder":"on","_et_pb_old_content":"","_et_gb_content_width":""},"product_brand":[],"product_cat":[25,23],"product_tag":[120,119,77,53,56,78,121,52,63,54],"class_list":{"0":"post-1153","1":"product","2":"type-product","3":"status-publish","4":"has-post-thumbnail","6":"product_cat-general","7":"product_cat-hardware","8":"product_tag-amarela","9":"product_tag-amarelo","10":"product_tag-casquilho","11":"product_tag-cuei","12":"product_tag-downhill","13":"product_tag-luva","14":"product_tag-pucks","15":"product_tag-skate","16":"product_tag-slide","17":"product_tag-wheels","19":"first","20":"instock","21":"shipping-taxable","22":"purchasable","23":"product-type-simple"},"_links":{"self":[{"href":"https:\/\/www.cueiwheels.com\/br\/wp-json\/wp\/v2\/product\/1153","targetHints":{"allow":["GET"]}}],"collection":[{"href":"https:\/\/www.cueiwheels.com\/br\/wp-json\/wp\/v2\/product"}],"about":[{"href":"https:\/\/www.cueiwheels.com\/br\/wp-json\/wp\/v2\/types\/product"}],"wp:featuredmedia":[{"embeddable":true,"href":"https:\/\/www.cueiwheels.com\/br\/wp-json\/wp\/v2\/media\/1170"}],"wp:attachment":[{"href":"https:\/\/www.cueiwheels.com\/br\/wp-json\/wp\/v2\/media?parent=1153"}],"wp:term":[{"taxonomy":"product_brand","embeddable":true,"href":"https:\/\/www.cueiwheels.com\/br\/wp-json\/wp\/v2\/product_brand?post=1153"},{"taxonomy":"product_cat","embeddable":true,"href":"https:\/\/www.cueiwheels.com\/br\/wp-json\/wp\/v2\/product_cat?post=1153"},{"taxonomy":"product_tag","embeddable":true,"href":"https:\/\/www.cueiwheels.com\/br\/wp-json\/wp\/v2\/product_tag?post=1153"}],"curies":[{"name":"wp","href":"https:\/\/api.w.org\/{rel}","templated":true}]}}