{"id":1491,"date":"2022-04-06T20:54:41","date_gmt":"2022-04-06T20:54:41","guid":{"rendered":"https:\/\/www.cueiwheels.com\/br\/?post_type=product&#038;p=1491"},"modified":"2026-04-01T12:53:33","modified_gmt":"2026-04-01T12:53:33","slug":"62mm-kick-83a","status":"publish","type":"product","link":"https:\/\/www.cueiwheels.com\/br\/shop\/wheels\/kick\/62mm-kick-83a\/","title":{"rendered":"62mm Kick 83a"},"content":{"rendered":"<p>[et_pb_section fb_built=&#8221;1&#8243; _builder_version=&#8221;4.16&#8243; custom_padding=&#8221;0px||||false|false&#8221; global_colors_info=&#8221;{}&#8221;][et_pb_row _builder_version=&#8221;4.16&#8243; background_size=&#8221;initial&#8221; background_position=&#8221;top_left&#8221; background_repeat=&#8221;repeat&#8221; width=&#8221;100%&#8221; custom_padding=&#8221;0px||0px||false|false&#8221; global_colors_info=&#8221;{}&#8221;][et_pb_column type=&#8221;4_4&#8243; _builder_version=&#8221;4.16&#8243; custom_padding=&#8221;|||&#8221; global_colors_info=&#8221;{}&#8221; custom_padding__hover=&#8221;|||&#8221;][et_pb_wc_cart_notice _builder_version=&#8221;4.16&#8243; global_colors_info=&#8221;{}&#8221;][\/et_pb_wc_cart_notice][\/et_pb_column][\/et_pb_row][et_pb_row column_structure=&#8221;1_2,1_2&#8243; _builder_version=&#8221;4.16&#8243; background_size=&#8221;initial&#8221; background_position=&#8221;top_left&#8221; background_repeat=&#8221;repeat&#8221; width=&#8221;100%&#8221; custom_padding=&#8221;0px||||false|false&#8221; global_colors_info=&#8221;{}&#8221;][et_pb_column type=&#8221;1_2&#8243; _builder_version=&#8221;4.16&#8243; custom_padding=&#8221;|||&#8221; global_colors_info=&#8221;{}&#8221; custom_padding__hover=&#8221;|||&#8221;][et_pb_wc_images _builder_version=&#8221;4.16&#8243; global_colors_info=&#8221;{}&#8221;][\/et_pb_wc_images][et_pb_video src=&#8221;https:\/\/www.cueiwheels.com\/br\/wp-content\/uploads\/2022\/04\/KICK-83-480c.mov&#8221; _builder_version=&#8221;4.16&#8243; _module_preset=&#8221;default&#8221; global_colors_info=&#8221;{}&#8221;][\/et_pb_video][\/et_pb_column][et_pb_column type=&#8221;1_2&#8243; _builder_version=&#8221;4.16&#8243; custom_padding=&#8221;|||&#8221; global_colors_info=&#8221;{}&#8221; custom_padding__hover=&#8221;|||&#8221;][et_pb_wc_title _builder_version=&#8221;4.16&#8243; global_colors_info=&#8221;{}&#8221;][\/et_pb_wc_title][et_pb_wc_price _builder_version=&#8221;4.16&#8243; global_colors_info=&#8221;{}&#8221;][\/et_pb_wc_price][et_pb_wc_description _builder_version=&#8221;4.16&#8243; global_colors_info=&#8221;{}&#8221;][\/et_pb_wc_description][et_pb_wc_add_to_cart _builder_version=&#8221;4.16&#8243; global_colors_info=&#8221;{}&#8221;][\/et_pb_wc_add_to_cart][et_pb_divider _builder_version=&#8221;4.16&#8243; _module_preset=&#8221;default&#8221; custom_margin=&#8221;||0px||false|false&#8221; global_colors_info=&#8221;{}&#8221;][\/et_pb_divider][et_pb_wc_description description_type=&#8221;description&#8221; _builder_version=&#8221;4.16&#8243; _module_preset=&#8221;default&#8221; global_colors_info=&#8221;{}&#8221;][\/et_pb_wc_description][et_pb_divider _builder_version=&#8221;4.16&#8243; _module_preset=&#8221;default&#8221; custom_margin=&#8221;||0px||false|false&#8221; global_colors_info=&#8221;{}&#8221;][\/et_pb_divider][et_pb_code _builder_version=&#8221;4.16&#8243; _module_preset=&#8221;default&#8221; global_colors_info=&#8221;{}&#8221;]<iframe loading=\"lazy\" width=\"560\" height=\"315\" src=\"https:\/\/www.youtube.com\/embed\/AY0g0Op9N4A\" title=\"YouTube video player\" frameborder=\"0\" allow=\"accelerometer; autoplay; clipboard-write; encrypted-media; gyroscope; picture-in-picture\" allowfullscreen><\/iframe>[\/et_pb_code][\/et_pb_column][\/et_pb_row][\/et_pb_section]<\/p>\n","protected":false},"excerpt":{"rendered":"<p>Cuei Wheels Kick<br \/>\n83a Duro<br \/>\n62mm di\u00e2metro<br \/>\n38mm largura<br \/>\n21,5mm superf\u00edcie de Contato<\/p>\n","protected":false},"featured_media":1492,"template":"","meta":{"_et_pb_use_builder":"on","_et_pb_old_content":"As rodas foram desenvolvidas seguindo o design de sucesso das Sliders e Big Sliders, utilizando da mesma f\u00f3rmula resistente a flatspot, por\u00e9m com mais op\u00e7\u00f5es de durezas resultante em um uma roda pequena com mais durabilidade.\r\nEssa roda e substancialmente mais leve que as Sliders e favorece muito o rol\u00e9 t\u00e9cnico e manobras em double kickers e dancers.","_et_gb_content_width":""},"product_brand":[],"product_cat":[48,17],"product_tag":[59,62,53,61,56,60,57,112,82,71,52,55,63,54],"class_list":{"0":"post-1491","1":"product","2":"type-product","3":"status-publish","4":"has-post-thumbnail","6":"product_cat-kick","7":"product_cat-wheels","8":"product_tag-62mm","9":"product_tag-83a","10":"product_tag-cuei","11":"product_tag-dancing","12":"product_tag-downhill","13":"product_tag-freeride","14":"product_tag-kick","15":"product_tag-laranja","16":"product_tag-roda","17":"product_tag-rodas","18":"product_tag-skate","19":"product_tag-skateboard","20":"product_tag-slide","21":"product_tag-wheels","23":"first","24":"instock","25":"shipping-taxable","26":"purchasable","27":"product-type-simple"},"_links":{"self":[{"href":"https:\/\/www.cueiwheels.com\/br\/wp-json\/wp\/v2\/product\/1491","targetHints":{"allow":["GET"]}}],"collection":[{"href":"https:\/\/www.cueiwheels.com\/br\/wp-json\/wp\/v2\/product"}],"about":[{"href":"https:\/\/www.cueiwheels.com\/br\/wp-json\/wp\/v2\/types\/product"}],"wp:featuredmedia":[{"embeddable":true,"href":"https:\/\/www.cueiwheels.com\/br\/wp-json\/wp\/v2\/media\/1492"}],"wp:attachment":[{"href":"https:\/\/www.cueiwheels.com\/br\/wp-json\/wp\/v2\/media?parent=1491"}],"wp:term":[{"taxonomy":"product_brand","embeddable":true,"href":"https:\/\/www.cueiwheels.com\/br\/wp-json\/wp\/v2\/product_brand?post=1491"},{"taxonomy":"product_cat","embeddable":true,"href":"https:\/\/www.cueiwheels.com\/br\/wp-json\/wp\/v2\/product_cat?post=1491"},{"taxonomy":"product_tag","embeddable":true,"href":"https:\/\/www.cueiwheels.com\/br\/wp-json\/wp\/v2\/product_tag?post=1491"}],"curies":[{"name":"wp","href":"https:\/\/api.w.org\/{rel}","templated":true}]}}