{"id":1975,"date":"2023-08-25T17:01:19","date_gmt":"2023-08-25T17:01:19","guid":{"rendered":"https:\/\/www.cueiwheels.com\/br\/?post_type=product&#038;p=1975"},"modified":"2026-04-02T01:24:39","modified_gmt":"2026-04-02T01:24:39","slug":"amortecedores-cuei-racetech","status":"publish","type":"product","link":"https:\/\/www.cueiwheels.com\/br\/shop\/hardware\/buchas\/amortecedores-cuei-racetech\/","title":{"rendered":"Amortecedores Cuei Racetech"},"content":{"rendered":"<p>[et_pb_section fb_built=&#8221;1&#8243; _builder_version=&#8221;4.16&#8243; custom_padding=&#8221;0px||||false|false&#8221; global_colors_info=&#8221;{}&#8221;][et_pb_row _builder_version=&#8221;4.16&#8243; background_size=&#8221;initial&#8221; background_position=&#8221;top_left&#8221; background_repeat=&#8221;repeat&#8221; width=&#8221;100%&#8221; custom_padding=&#8221;0px||0px||false|false&#8221; global_colors_info=&#8221;{}&#8221;][et_pb_column type=&#8221;4_4&#8243; _builder_version=&#8221;4.16&#8243; custom_padding=&#8221;|||&#8221; global_colors_info=&#8221;{}&#8221; custom_padding__hover=&#8221;|||&#8221;][et_pb_wc_cart_notice _builder_version=&#8221;4.16&#8243; global_colors_info=&#8221;{}&#8221;][\/et_pb_wc_cart_notice][\/et_pb_column][\/et_pb_row][et_pb_row column_structure=&#8221;1_2,1_2&#8243; _builder_version=&#8221;4.16&#8243; background_size=&#8221;initial&#8221; background_position=&#8221;top_left&#8221; background_repeat=&#8221;repeat&#8221; width=&#8221;100%&#8221; custom_padding=&#8221;0px||||false|false&#8221; global_colors_info=&#8221;{}&#8221;][et_pb_column type=&#8221;1_2&#8243; _builder_version=&#8221;4.16&#8243; custom_padding=&#8221;|||&#8221; global_colors_info=&#8221;{}&#8221; custom_padding__hover=&#8221;|||&#8221;][et_pb_wc_images _builder_version=&#8221;4.16&#8243; global_colors_info=&#8221;{}&#8221;][\/et_pb_wc_images][\/et_pb_column][et_pb_column type=&#8221;1_2&#8243; _builder_version=&#8221;4.16&#8243; custom_padding=&#8221;|||&#8221; global_colors_info=&#8221;{}&#8221; custom_padding__hover=&#8221;|||&#8221;][et_pb_wc_title _builder_version=&#8221;4.16&#8243; global_colors_info=&#8221;{}&#8221;][\/et_pb_wc_title][et_pb_wc_price _builder_version=&#8221;4.16&#8243; global_colors_info=&#8221;{}&#8221;][\/et_pb_wc_price][et_pb_wc_description _builder_version=&#8221;4.16&#8243; global_colors_info=&#8221;{}&#8221;][\/et_pb_wc_description][et_pb_wc_add_to_cart _builder_version=&#8221;4.16&#8243; global_colors_info=&#8221;{}&#8221;][\/et_pb_wc_add_to_cart][et_pb_divider _builder_version=&#8221;4.16&#8243; _module_preset=&#8221;default&#8221; custom_margin=&#8221;||0px||false|false&#8221; global_colors_info=&#8221;{}&#8221;][\/et_pb_divider][et_pb_wc_description description_type=&#8221;description&#8221; _builder_version=&#8221;4.16&#8243; _module_preset=&#8221;default&#8221; global_colors_info=&#8221;{}&#8221;][\/et_pb_wc_description][et_pb_divider _builder_version=&#8221;4.16&#8243; _module_preset=&#8221;default&#8221; custom_margin=&#8221;||0px||false|false&#8221; global_colors_info=&#8221;{}&#8221;][\/et_pb_divider][\/et_pb_column][\/et_pb_row][\/et_pb_section]<\/p>\n","protected":false},"excerpt":{"rendered":"<p>Os amortecedores Cuei Racetech foram desenvolvidos para ir al\u00e9m quando se fala em performance. Feito em um material inovador e com muito rebote, foram criados para atender o extremo, com uma estabilidade inigual\u00e1vel e uma sensa\u00e7\u00e3o \u00fanica de controle e confian\u00e7a.<br \/>\nPodem ser usados tanto para performance, como no freeride, existindo somente em 2 durezas de 95a e 98a.<br \/>\nOs valores s\u00e3o sempe referentes ao par de amortecedores.<\/p>\n","protected":false},"featured_media":1992,"template":"","meta":{"_et_pb_use_builder":"on","_et_pb_old_content":"Na dureza de 95a vai atender muito bem os trucks RKP ( Cast etc ) e vai ser aquele amortecedor que fica solto quando somente encaixado e firme quando apertado, mantendo o flow muito bom, j\u00e1 na dureza 98a ele vai restringir um pouco mais as curvas e trazer uma firmeza surreal para o seu skate, por isso s\u00e3o muito indicados para bases de traz do skate que geralmente usam um angulo mais baixo de 15-40\u201d em muitos casos.\r\nIndicamos fortemente que experimentem misturar os amortecedores Racetech em conjunto com os Hydrotech, dessa forma voce consegue balancear o Skate muito vem com mais firmeza na traseira e mais controle na frente do seu skate.\r\nSpecs :\r\nBarril tamanho normal 15.5mm\r\nBarril tamanho alto 19.25mm\r\n95a Laranja\r\n98a Violeta","_et_gb_content_width":""},"product_brand":[],"product_cat":[131,23],"product_tag":[149,148,151,150,147,146,140,139,141,142,143,145,144],"class_list":{"0":"post-1975","1":"product","2":"type-product","3":"status-publish","4":"has-post-thumbnail","6":"product_cat-buchas","7":"product_cat-hardware","8":"product_tag-15-5mm","9":"product_tag-15mm","10":"product_tag-19-25mm","11":"product_tag-19mm","12":"product_tag-95a","13":"product_tag-98a","14":"product_tag-amortecedor","15":"product_tag-amortecedores","16":"product_tag-bushing","17":"product_tag-bushings","18":"product_tag-race","19":"product_tag-racetech","20":"product_tag-tech","22":"first","23":"instock","24":"sale","25":"shipping-taxable","26":"purchasable","27":"product-type-variable"},"_links":{"self":[{"href":"https:\/\/www.cueiwheels.com\/br\/wp-json\/wp\/v2\/product\/1975","targetHints":{"allow":["GET"]}}],"collection":[{"href":"https:\/\/www.cueiwheels.com\/br\/wp-json\/wp\/v2\/product"}],"about":[{"href":"https:\/\/www.cueiwheels.com\/br\/wp-json\/wp\/v2\/types\/product"}],"wp:featuredmedia":[{"embeddable":true,"href":"https:\/\/www.cueiwheels.com\/br\/wp-json\/wp\/v2\/media\/1992"}],"wp:attachment":[{"href":"https:\/\/www.cueiwheels.com\/br\/wp-json\/wp\/v2\/media?parent=1975"}],"wp:term":[{"taxonomy":"product_brand","embeddable":true,"href":"https:\/\/www.cueiwheels.com\/br\/wp-json\/wp\/v2\/product_brand?post=1975"},{"taxonomy":"product_cat","embeddable":true,"href":"https:\/\/www.cueiwheels.com\/br\/wp-json\/wp\/v2\/product_cat?post=1975"},{"taxonomy":"product_tag","embeddable":true,"href":"https:\/\/www.cueiwheels.com\/br\/wp-json\/wp\/v2\/product_tag?post=1975"}],"curies":[{"name":"wp","href":"https:\/\/api.w.org\/{rel}","templated":true}]}}