{"id":1997,"date":"2023-08-29T11:46:26","date_gmt":"2023-08-29T11:46:26","guid":{"rendered":"https:\/\/www.cueiwheels.com\/br\/?post_type=product&#038;p=1997"},"modified":"2026-04-01T12:52:43","modified_gmt":"2026-04-01T12:52:43","slug":"cuei-mad-bearings","status":"publish","type":"product","link":"https:\/\/www.cueiwheels.com\/br\/shop\/hardware\/bearings\/cuei-mad-bearings\/","title":{"rendered":"Cuei MAD Bearings"},"content":{"rendered":"<p>[et_pb_section fb_built=&#8221;1&#8243; _builder_version=&#8221;4.16&#8243; min_height=&#8221;73vh&#8221; custom_padding=&#8221;0px||||false|false&#8221; global_colors_info=&#8221;{}&#8221;][et_pb_row _builder_version=&#8221;4.16&#8243; background_size=&#8221;initial&#8221; background_position=&#8221;top_left&#8221; background_repeat=&#8221;repeat&#8221; width=&#8221;100%&#8221; custom_padding=&#8221;0px||0px||false|false&#8221; global_colors_info=&#8221;{}&#8221;][et_pb_column type=&#8221;4_4&#8243; _builder_version=&#8221;4.16&#8243; custom_padding=&#8221;|||&#8221; global_colors_info=&#8221;{}&#8221; custom_padding__hover=&#8221;|||&#8221;][et_pb_wc_cart_notice _builder_version=&#8221;4.16&#8243; global_colors_info=&#8221;{}&#8221;][\/et_pb_wc_cart_notice][\/et_pb_column][\/et_pb_row][et_pb_row column_structure=&#8221;1_2,1_2&#8243; _builder_version=&#8221;4.16&#8243; background_size=&#8221;initial&#8221; background_position=&#8221;top_left&#8221; background_repeat=&#8221;repeat&#8221; width=&#8221;100%&#8221; custom_padding=&#8221;0px||||false|false&#8221; global_colors_info=&#8221;{}&#8221;][et_pb_column type=&#8221;1_2&#8243; _builder_version=&#8221;4.16&#8243; custom_padding=&#8221;|||&#8221; global_colors_info=&#8221;{}&#8221; custom_padding__hover=&#8221;|||&#8221;][et_pb_wc_images _builder_version=&#8221;4.16&#8243; global_colors_info=&#8221;{}&#8221;][\/et_pb_wc_images][\/et_pb_column][et_pb_column type=&#8221;1_2&#8243; _builder_version=&#8221;4.16&#8243; custom_padding=&#8221;|||&#8221; global_colors_info=&#8221;{}&#8221; custom_padding__hover=&#8221;|||&#8221;][et_pb_wc_title _builder_version=&#8221;4.16&#8243; global_colors_info=&#8221;{}&#8221;][\/et_pb_wc_title][et_pb_wc_price _builder_version=&#8221;4.16&#8243; global_colors_info=&#8221;{}&#8221;][\/et_pb_wc_price][et_pb_wc_description _builder_version=&#8221;4.16&#8243; global_colors_info=&#8221;{}&#8221;][\/et_pb_wc_description][et_pb_wc_add_to_cart _builder_version=&#8221;4.16&#8243; global_colors_info=&#8221;{}&#8221;][\/et_pb_wc_add_to_cart][et_pb_divider _builder_version=&#8221;4.16&#8243; _module_preset=&#8221;default&#8221; custom_margin=&#8221;||0px||false|false&#8221; global_colors_info=&#8221;{}&#8221;][\/et_pb_divider][et_pb_wc_description description_type=&#8221;description&#8221; _builder_version=&#8221;4.16&#8243; _module_preset=&#8221;default&#8221; global_colors_info=&#8221;{}&#8221;][\/et_pb_wc_description][\/et_pb_column][\/et_pb_row][\/et_pb_section]<\/p>\n","protected":false},"excerpt":{"rendered":"<p>Cuei MAD Bearings<\/p>\n<p>&#8211; Performance de rolamentos de corrida.<br \/>\n&#8211; Estilo cl\u00e1ssico de 7 esferas, mais resistente.<br \/>\n&#8211; F\u00e1cil de limpar com prote\u00e7\u00e3o remov\u00edvel.<br \/>\n&#8211; Escudo de nylon para fric\u00e7\u00e3o m\u00ednima.<br \/>\n&#8211; Maior resist\u00eancia contra umidade.<\/p>\n","protected":false},"featured_media":2003,"template":"","meta":{"_et_pb_use_builder":"on","_et_pb_old_content":"Voc\u00ea j\u00e1 ouviu falar no ditado \"o famoso arroz com feij\u00e3o\"? Bem, ele descreve de forma perfeita a proposta dos nossos Cuei MAD Bearings. Estes rolamentos combinam a cl\u00e1ssica performance de corrida com um estilo de 7 esferas mais resistente, tornando-os a escolha ideal para skatistas que valorizam tanto a qualidade quanto o custo-benef\u00edcio.\r\n\r\nO design desses rolamentos \u00e9 inspirado no padr\u00e3o 608, o mais antigo e testado na ind\u00fastria do skateboard, garantindo uma confiabilidade incompar\u00e1vel. Al\u00e9m disso, eles s\u00e3o completamente personalizados, precisos e contam com um tratamento especial nas esferas e trilhos para aumentar a resist\u00eancia \u00e0 \u00e1gua. Isso significa que, n\u00e3o importa se voc\u00ea est\u00e1 buscando alta velocidade ou manobras no skate street, os Cuei MAD Bearings est\u00e3o prontos para acompanhar a sua sess\u00e3o.\r\n\r\nAl\u00e9m disso, facilitamos a manuten\u00e7\u00e3o dos seus rolamentos. Com prote\u00e7\u00e3o remov\u00edvel e um escudo de nylon que reduz a fric\u00e7\u00e3o ao m\u00ednimo, a limpeza \u00e9 simples e r\u00e1pida.\r\n\r\nEscolha os Cuei MAD Bearings e experimente a combina\u00e7\u00e3o perfeita de desempenho, durabilidade e estilo.","_et_gb_content_width":""},"product_brand":[],"product_cat":[24,23],"product_tag":[122,81,124,53,61,56,79,60,123,152,80,82,73,52,55,63,54],"class_list":{"0":"post-1997","1":"product","2":"type-product","3":"status-publish","4":"has-post-thumbnail","6":"product_cat-bearings","7":"product_cat-hardware","8":"product_tag-aco","9":"product_tag-bearings","10":"product_tag-cinza","11":"product_tag-cuei","12":"product_tag-dancing","13":"product_tag-downhill","14":"product_tag-espacador","15":"product_tag-freeride","16":"product_tag-inox","17":"product_tag-mad","18":"product_tag-precisao","19":"product_tag-roda","20":"product_tag-rolamento","21":"product_tag-skate","22":"product_tag-skateboard","23":"product_tag-slide","24":"product_tag-wheels","26":"first","27":"instock","28":"shipping-taxable","29":"purchasable","30":"product-type-simple"},"_links":{"self":[{"href":"https:\/\/www.cueiwheels.com\/br\/wp-json\/wp\/v2\/product\/1997","targetHints":{"allow":["GET"]}}],"collection":[{"href":"https:\/\/www.cueiwheels.com\/br\/wp-json\/wp\/v2\/product"}],"about":[{"href":"https:\/\/www.cueiwheels.com\/br\/wp-json\/wp\/v2\/types\/product"}],"wp:featuredmedia":[{"embeddable":true,"href":"https:\/\/www.cueiwheels.com\/br\/wp-json\/wp\/v2\/media\/2003"}],"wp:attachment":[{"href":"https:\/\/www.cueiwheels.com\/br\/wp-json\/wp\/v2\/media?parent=1997"}],"wp:term":[{"taxonomy":"product_brand","embeddable":true,"href":"https:\/\/www.cueiwheels.com\/br\/wp-json\/wp\/v2\/product_brand?post=1997"},{"taxonomy":"product_cat","embeddable":true,"href":"https:\/\/www.cueiwheels.com\/br\/wp-json\/wp\/v2\/product_cat?post=1997"},{"taxonomy":"product_tag","embeddable":true,"href":"https:\/\/www.cueiwheels.com\/br\/wp-json\/wp\/v2\/product_tag?post=1997"}],"curies":[{"name":"wp","href":"https:\/\/api.w.org\/{rel}","templated":true}]}}