{"id":2204,"date":"2024-05-12T22:27:02","date_gmt":"2024-05-12T22:27:02","guid":{"rendered":"https:\/\/www.cueiwheels.com\/br\/?post_type=product&#038;p=2204"},"modified":"2024-05-12T23:20:12","modified_gmt":"2024-05-12T23:20:12","slug":"camisetas-cuei-wheels","status":"publish","type":"product","link":"https:\/\/www.cueiwheels.com\/br\/shop\/hardware\/general\/camisetas-cuei-wheels\/","title":{"rendered":"Camisetas Cuei Wheels"},"content":{"rendered":"<p>[et_pb_section fb_built=&#8221;1&#8243; _builder_version=&#8221;4.16&#8243; custom_padding=&#8221;0px||||false|false&#8221; global_colors_info=&#8221;{}&#8221;][et_pb_row _builder_version=&#8221;4.16&#8243; background_size=&#8221;initial&#8221; background_position=&#8221;top_left&#8221; background_repeat=&#8221;repeat&#8221; width=&#8221;100%&#8221; custom_padding=&#8221;0px||0px||false|false&#8221; global_colors_info=&#8221;{}&#8221;][et_pb_column type=&#8221;4_4&#8243; _builder_version=&#8221;4.16&#8243; custom_padding=&#8221;|||&#8221; global_colors_info=&#8221;{}&#8221; custom_padding__hover=&#8221;|||&#8221;][et_pb_wc_breadcrumb _builder_version=&#8221;4.16&#8243; global_colors_info=&#8221;{}&#8221;][\/et_pb_wc_breadcrumb][et_pb_wc_cart_notice _builder_version=&#8221;4.16&#8243; global_colors_info=&#8221;{}&#8221;][\/et_pb_wc_cart_notice][\/et_pb_column][\/et_pb_row][et_pb_row _builder_version=&#8221;4.16&#8243; background_size=&#8221;initial&#8221; background_position=&#8221;top_left&#8221; background_repeat=&#8221;repeat&#8221; width=&#8221;100%&#8221; custom_padding=&#8221;0px||||false|false&#8221; global_colors_info=&#8221;{}&#8221; column_structure=&#8221;1_2,1_2&#8243;][et_pb_column type=&#8221;1_2&#8243; _builder_version=&#8221;4.16&#8243; custom_padding=&#8221;|||&#8221; global_colors_info=&#8221;{}&#8221; custom_padding__hover=&#8221;|||&#8221;][et_pb_wc_images _builder_version=&#8221;4.16&#8243; global_colors_info=&#8221;{}&#8221;][\/et_pb_wc_images][\/et_pb_column][et_pb_column type=&#8221;1_2&#8243; _builder_version=&#8221;4.16&#8243; custom_padding=&#8221;|||&#8221; global_colors_info=&#8221;{}&#8221; custom_padding__hover=&#8221;|||&#8221;][et_pb_wc_title _builder_version=&#8221;4.16&#8243; global_colors_info=&#8221;{}&#8221;][\/et_pb_wc_title][et_pb_wc_rating _builder_version=&#8221;4.16&#8243; global_colors_info=&#8221;{}&#8221;][\/et_pb_wc_rating][et_pb_wc_price _builder_version=&#8221;4.16&#8243; global_colors_info=&#8221;{}&#8221;][\/et_pb_wc_price][et_pb_wc_add_to_cart _builder_version=&#8221;4.16&#8243; global_colors_info=&#8221;{}&#8221;][\/et_pb_wc_add_to_cart][et_pb_wc_meta _builder_version=&#8221;4.16&#8243; global_colors_info=&#8221;{}&#8221;][\/et_pb_wc_meta][\/et_pb_column][\/et_pb_row][et_pb_row _builder_version=&#8221;4.22.1&#8243; _module_preset=&#8221;default&#8221; column_structure=&#8221;1_4,1_4,1_4,1_4&#8243;][et_pb_column _builder_version=&#8221;4.22.1&#8243; _module_preset=&#8221;default&#8221; type=&#8221;1_4&#8243;][et_pb_gallery _builder_version=&#8221;4.22.1&#8243; _module_preset=&#8221;default&#8221; gallery_ids=&#8221;2182,2183,2184,2181&#8243; fullwidth=&#8221;on&#8221; hover_enabled=&#8221;0&#8243; sticky_enabled=&#8221;0&#8243;][\/et_pb_gallery][\/et_pb_column][et_pb_column _builder_version=&#8221;4.22.1&#8243; _module_preset=&#8221;default&#8221; type=&#8221;1_4&#8243;][\/et_pb_column][et_pb_column _builder_version=&#8221;4.22.1&#8243; _module_preset=&#8221;default&#8221; type=&#8221;1_4&#8243;][\/et_pb_column][et_pb_column _builder_version=&#8221;4.22.1&#8243; _module_preset=&#8221;default&#8221; type=&#8221;1_4&#8243;][\/et_pb_column][\/et_pb_row][et_pb_row _builder_version=&#8221;4.16&#8243; background_size=&#8221;initial&#8221; background_position=&#8221;top_left&#8221; background_repeat=&#8221;repeat&#8221; width=&#8221;100%&#8221; global_colors_info=&#8221;{}&#8221; min_height=&#8221;953.4px&#8221;][et_pb_column type=&#8221;4_4&#8243; _builder_version=&#8221;4.16&#8243; custom_padding=&#8221;|||&#8221; global_colors_info=&#8221;{}&#8221; custom_padding__hover=&#8221;|||&#8221;][et_pb_wc_tabs _builder_version=&#8221;4.16&#8243; global_colors_info=&#8221;{}&#8221;]\t\t\t\t\t[\/et_pb_wc_tabs][et_pb_wc_upsells _builder_version=&#8221;4.16&#8243; global_colors_info=&#8221;{}&#8221;][\/et_pb_wc_upsells][et_pb_wc_related_products _builder_version=&#8221;4.16&#8243; global_colors_info=&#8221;{}&#8221;][\/et_pb_wc_related_products][\/et_pb_column][\/et_pb_row][\/et_pb_section]<\/p>\n","protected":false},"excerpt":{"rendered":"<p style=\"text-align: center;\"><img loading=\"lazy\" decoding=\"async\" class=\"alignright size-medium wp-image-2184\" src=\"https:\/\/www.cueiwheels.com\/br\/wp-content\/uploads\/2024\/05\/camisa-cuei-Roxa-300x225.png\" alt=\"\" width=\"300\" height=\"225\" \/> <img loading=\"lazy\" decoding=\"async\" class=\"aligncenter size-medium wp-image-2183\" src=\"https:\/\/www.cueiwheels.com\/br\/wp-content\/uploads\/2024\/05\/camisa-cuei-Chumbo-300x225.png\" alt=\"\" width=\"300\" height=\"225\" \/> <img loading=\"lazy\" decoding=\"async\" class=\"aligncenter size-medium wp-image-2182\" src=\"https:\/\/www.cueiwheels.com\/br\/wp-content\/uploads\/2024\/05\/camisa-cuei-Branco-300x225.png\" alt=\"\" width=\"300\" height=\"225\" \/> <img loading=\"lazy\" decoding=\"async\" class=\"alignright size-medium wp-image-2181\" src=\"https:\/\/www.cueiwheels.com\/br\/wp-content\/uploads\/2024\/05\/camisa-cuei-black-300x225.png\" alt=\"\" width=\"300\" height=\"225\" \/><\/p>\n","protected":false},"featured_media":2184,"template":"","meta":{"_et_pb_use_builder":"on","_et_pb_old_content":"<strong>Camisetas Cuei Wheels: Conforto e Estilo em Movimento<\/strong>\r\n\r\nDeslizando pelas ruas ou dominando as ladeiras, mantenha seu estilo \u00fanico com as novas Camisetas Cuei Wheels. Confeccionadas com algod\u00e3o de alta qualidade, estas camisetas garantem n\u00e3o apenas conforto extremo, mas tamb\u00e9m durabilidade para acompanhar seu ritmo intenso.\r\n\r\n<strong>Cores e Design<\/strong>\r\nDispon\u00edvel em uma variedade de cores que refletem sua personalidade audaciosa - preto, branco, roxo e chumbo - cada camiseta \u00e9 desenhada pensando em versatilidade e express\u00e3o. O design cl\u00e1ssico com um toque de modernidade \u00e9 perfeito para qualquer hora, seja voc\u00ea um aventureiro nas pistas ou algu\u00e9m que valoriza um visual casual, mas marcante.\r\n\r\n<strong>Para Quem \u00e9<\/strong>\r\nSe voc\u00ea \u00e9 algu\u00e9m que n\u00e3o tem medo de enfrentar desafios e valoriza a liberdade de express\u00e3o, as Camisetas Cuei Wheels s\u00e3o para voc\u00ea. Projetadas para atender ao p\u00fablico jovem e din\u00e2mico, elas s\u00e3o ideais para aqueles que buscam conforto sem abrir m\u00e3o do estilo.\r\n\r\nN\u00f3s do time Cuei Wheels, consideramos essa camisa um verdadeiro amuleto da sorte \ud83c\udf40\r\n\r\nVista-se com Cuei Wheels.","_et_gb_content_width":""},"product_brand":[],"product_cat":[25,23],"product_tag":[],"class_list":{"0":"post-2204","1":"product","2":"type-product","3":"status-publish","4":"has-post-thumbnail","6":"product_cat-general","7":"product_cat-hardware","9":"first","10":"instock","11":"shipping-taxable","12":"purchasable","13":"product-type-variable"},"_links":{"self":[{"href":"https:\/\/www.cueiwheels.com\/br\/wp-json\/wp\/v2\/product\/2204","targetHints":{"allow":["GET"]}}],"collection":[{"href":"https:\/\/www.cueiwheels.com\/br\/wp-json\/wp\/v2\/product"}],"about":[{"href":"https:\/\/www.cueiwheels.com\/br\/wp-json\/wp\/v2\/types\/product"}],"wp:featuredmedia":[{"embeddable":true,"href":"https:\/\/www.cueiwheels.com\/br\/wp-json\/wp\/v2\/media\/2184"}],"wp:attachment":[{"href":"https:\/\/www.cueiwheels.com\/br\/wp-json\/wp\/v2\/media?parent=2204"}],"wp:term":[{"taxonomy":"product_brand","embeddable":true,"href":"https:\/\/www.cueiwheels.com\/br\/wp-json\/wp\/v2\/product_brand?post=2204"},{"taxonomy":"product_cat","embeddable":true,"href":"https:\/\/www.cueiwheels.com\/br\/wp-json\/wp\/v2\/product_cat?post=2204"},{"taxonomy":"product_tag","embeddable":true,"href":"https:\/\/www.cueiwheels.com\/br\/wp-json\/wp\/v2\/product_tag?post=2204"}],"curies":[{"name":"wp","href":"https:\/\/api.w.org\/{rel}","templated":true}]}}