{"id":2474,"date":"2025-12-17T14:30:39","date_gmt":"2025-12-17T14:30:39","guid":{"rendered":"https:\/\/www.cueiwheels.com\/br\/?post_type=product&#038;p=2474"},"modified":"2026-04-27T14:46:00","modified_gmt":"2026-04-27T14:46:00","slug":"luvas-cuei-couro-e-kevlar-preta","status":"publish","type":"product","link":"https:\/\/www.cueiwheels.com\/br\/shop\/hardware\/general\/luvas-cuei-couro-e-kevlar-preta\/","title":{"rendered":"Luvas Cuei &#8211; Couro e Kevlar Preta"},"content":{"rendered":"<p>Luvas Cuei \u2013 Performance sem concess\u00f5es \ud83d\udc30<\/p>\n<p>Criadas para atender um mercado carente de luvas realmente confi\u00e1veis para alta performance, as novas Luvas Cuei nascem com um objetivo claro: entregar controle, resist\u00eancia e seguran\u00e7a no mais alto n\u00edvel, sem excessos e sem distra\u00e7\u00f5es.<\/p>\n<p>Produzidas em couro leg\u00edtimo de alta qualidade, seguimos o lema da Cuei Wheels: qualidade m\u00e1xima para melhorar, de forma real, a experi\u00eancia de quem anda. Uma luva simples no visual, mas extremamente t\u00e9cnica na constru\u00e7\u00e3o e cada detalhe existe por um motivo.<\/p>\n<p>Constru\u00e7\u00e3o pensada para quem exige precis\u00e3o.<\/p>\n<p>Couro leg\u00edtimo integral de alta resist\u00eancia na parte inferior, garantindo durabilidade e firmeza nas casquilhadas.<\/p>\n<p>Refor\u00e7o em Kevlar nos dedos, a \u00e1rea de maior atrito, tornando a luva mais resistente a longo prazo e em quedas.<\/p>\n<p>Diferente de luvas comuns, que podem ceder com o uso, esta constru\u00e7\u00e3o mant\u00e9m precis\u00e3o, firmeza e confian\u00e7a, mesmo em asfaltos ruins pela forma como \u00e9 construida.<\/p>\n<p>Couro microperfurado na parte superior, permitindo melhor ventila\u00e7\u00e3o, conforto t\u00e9rmico e uso prolongado.<\/p>\n<p>Conforto imediato, sem amaciamento for\u00e7ado.<\/p>\n<p>Nosso couro, al\u00e9m de leg\u00edtimo, recebe um tratamento especial para maior maciez j\u00e1 fora da embalagem, eliminando aquele per\u00edodo desconfort\u00e1vel de adapta\u00e7\u00e3o. \u00c9 vestir e andar.<\/p>\n<p>As Luvas Cuei s\u00e3o pr\u00e1ticas, diretas e extremamente eficientes, feitas para quem prioriza seguran\u00e7a, controle e performance real, sem compromissos.<\/p>\n","protected":false},"excerpt":{"rendered":"<p>Luvas Cuei feitas em couro leg\u00edtimo, com refor\u00e7o em Kevlar nos dedos e parte superior microperfurada. Mais controle, resist\u00eancia e conforto para quem exige performance real.<\/p>\n","protected":false},"featured_media":2479,"template":"","meta":{"_et_pb_use_builder":"","_et_pb_old_content":"","_et_gb_content_width":""},"product_brand":[],"product_cat":[25,23],"product_tag":[157,158,78,156],"class_list":{"0":"post-2474","1":"product","2":"type-product","3":"status-publish","4":"has-post-thumbnail","6":"product_cat-general","7":"product_cat-hardware","8":"product_tag-couro","9":"product_tag-kevlar","10":"product_tag-luva","11":"product_tag-luvas","13":"first","14":"instock","15":"shipping-taxable","16":"purchasable","17":"product-type-variable"},"_links":{"self":[{"href":"https:\/\/www.cueiwheels.com\/br\/wp-json\/wp\/v2\/product\/2474","targetHints":{"allow":["GET"]}}],"collection":[{"href":"https:\/\/www.cueiwheels.com\/br\/wp-json\/wp\/v2\/product"}],"about":[{"href":"https:\/\/www.cueiwheels.com\/br\/wp-json\/wp\/v2\/types\/product"}],"wp:featuredmedia":[{"embeddable":true,"href":"https:\/\/www.cueiwheels.com\/br\/wp-json\/wp\/v2\/media\/2479"}],"wp:attachment":[{"href":"https:\/\/www.cueiwheels.com\/br\/wp-json\/wp\/v2\/media?parent=2474"}],"wp:term":[{"taxonomy":"product_brand","embeddable":true,"href":"https:\/\/www.cueiwheels.com\/br\/wp-json\/wp\/v2\/product_brand?post=2474"},{"taxonomy":"product_cat","embeddable":true,"href":"https:\/\/www.cueiwheels.com\/br\/wp-json\/wp\/v2\/product_cat?post=2474"},{"taxonomy":"product_tag","embeddable":true,"href":"https:\/\/www.cueiwheels.com\/br\/wp-json\/wp\/v2\/product_tag?post=2474"}],"curies":[{"name":"wp","href":"https:\/\/api.w.org\/{rel}","templated":true}]}}