{"id":300,"date":"2021-03-01T22:34:48","date_gmt":"2021-03-01T22:34:48","guid":{"rendered":"https:\/\/www.cueiwheels.com\/br\/?post_type=product&#038;p=300"},"modified":"2026-04-01T12:54:42","modified_gmt":"2026-04-01T12:54:42","slug":"74mm-killers-power-thane-82a","status":"publish","type":"product","link":"https:\/\/www.cueiwheels.com\/br\/shop\/wheels\/killers\/74mm-killers-power-thane-82a\/","title":{"rendered":"74mm Killers Power Thane 82a"},"content":{"rendered":"<p>[et_pb_section fb_built=&#8221;1&#8243; _builder_version=&#8221;4.16&#8243; custom_padding=&#8221;0px||||false|false&#8221; global_colors_info=&#8221;{}&#8221;][et_pb_row _builder_version=&#8221;4.16&#8243; background_size=&#8221;initial&#8221; background_position=&#8221;top_left&#8221; background_repeat=&#8221;repeat&#8221; width=&#8221;100%&#8221; custom_padding=&#8221;0px||0px||false|false&#8221; global_colors_info=&#8221;{}&#8221;][et_pb_column type=&#8221;4_4&#8243; _builder_version=&#8221;4.16&#8243; custom_padding=&#8221;|||&#8221; global_colors_info=&#8221;{}&#8221; custom_padding__hover=&#8221;|||&#8221;][et_pb_wc_cart_notice _builder_version=&#8221;4.16&#8243; global_colors_info=&#8221;{}&#8221;][\/et_pb_wc_cart_notice][\/et_pb_column][\/et_pb_row][et_pb_row column_structure=&#8221;1_2,1_2&#8243; _builder_version=&#8221;4.16&#8243; background_size=&#8221;initial&#8221; background_position=&#8221;top_left&#8221; background_repeat=&#8221;repeat&#8221; width=&#8221;100%&#8221; custom_padding=&#8221;0px||||false|false&#8221; global_colors_info=&#8221;{}&#8221;][et_pb_column type=&#8221;1_2&#8243; _builder_version=&#8221;4.16&#8243; custom_padding=&#8221;|||&#8221; global_colors_info=&#8221;{}&#8221; custom_padding__hover=&#8221;|||&#8221;][et_pb_wc_images _builder_version=&#8221;4.16&#8243; global_colors_info=&#8221;{}&#8221;][\/et_pb_wc_images][\/et_pb_column][et_pb_column type=&#8221;1_2&#8243; _builder_version=&#8221;4.16&#8243; custom_padding=&#8221;|||&#8221; global_colors_info=&#8221;{}&#8221; custom_padding__hover=&#8221;|||&#8221;][et_pb_wc_title _builder_version=&#8221;4.16&#8243; global_colors_info=&#8221;{}&#8221;][\/et_pb_wc_title][et_pb_wc_price _builder_version=&#8221;4.16&#8243; global_colors_info=&#8221;{}&#8221;][\/et_pb_wc_price][et_pb_wc_description _builder_version=&#8221;4.16&#8243; global_colors_info=&#8221;{}&#8221;][\/et_pb_wc_description][et_pb_wc_add_to_cart _builder_version=&#8221;4.16&#8243; global_colors_info=&#8221;{}&#8221;][\/et_pb_wc_add_to_cart][et_pb_divider _builder_version=&#8221;4.16&#8243; _module_preset=&#8221;default&#8221; custom_margin=&#8221;||0px||false|false&#8221; global_colors_info=&#8221;{}&#8221;][\/et_pb_divider][et_pb_wc_description description_type=&#8221;description&#8221; _builder_version=&#8221;4.16&#8243; _module_preset=&#8221;default&#8221; global_colors_info=&#8221;{}&#8221;][\/et_pb_wc_description][\/et_pb_column][\/et_pb_row][\/et_pb_section]<\/p>\n","protected":false},"excerpt":{"rendered":"<p>Cuei Wheels Killers<br \/>\nPower Thane Formula<br \/>\n82a Duro<\/p>\n","protected":false},"featured_media":301,"template":"","meta":{"_et_pb_use_builder":"on","_et_pb_old_content":"A Cuei Killers ser\u00e1 a sua roda de escolha para a pr\u00e1tica de downhill e para participar de seus campeonatos favoritos.\r\nElas v\u00eam com 74mm de altura e 65.5mm de largura, com o miolo posicionado levemente offset, superf\u00edcie com acabamento liso e bordas de dentro afiadas. Suas bordas produzem a quantidade perfeita de suporte para garantir slides altamente control\u00e1veis, um grip absurdo e uma velocidade incr\u00edvel nas sa\u00eddas de curvas.\r\nDispon\u00edveis em duas formulas: em 77a e 80a na formula \u201cPower Thane\u201d (verde e amarela) que s\u00e3o extremamente r\u00e1pidas, um grip elevado e muita durabilidade; e tamb\u00e9m em 80a na formula \u201cFlow Thane\u201d (vermelha) que tem slide muito suave e deixa marcas de uretano por onde passam.\r\nElas foram testadas e provadas por serem as melhores rodas do mercado depois de dominar a temporada da IDF de 2017 com nossos atletas Pepe Laporte sendo coroado campe\u00e3o Sul Americano e Thiago Gomes Lessa Campe\u00e3o Mundial.","_et_gb_content_width":""},"product_brand":[],"product_cat":[18,17],"product_tag":[107,108,53,56,60,98,112,125,106,110,109,52,55,63,54],"class_list":{"0":"post-300","1":"product","2":"type-product","3":"status-publish","4":"has-post-thumbnail","6":"product_cat-killers","7":"product_cat-wheels","8":"product_tag-74mm","9":"product_tag-82a","10":"product_tag-cuei","11":"product_tag-downhill","12":"product_tag-freeride","13":"product_tag-killers","14":"product_tag-laranja","15":"product_tag-laranjado","16":"product_tag-powerthane","17":"product_tag-preta","18":"product_tag-preto","19":"product_tag-skate","20":"product_tag-skateboard","21":"product_tag-slide","22":"product_tag-wheels","24":"first","25":"instock","26":"shipping-taxable","27":"purchasable","28":"product-type-simple"},"_links":{"self":[{"href":"https:\/\/www.cueiwheels.com\/br\/wp-json\/wp\/v2\/product\/300","targetHints":{"allow":["GET"]}}],"collection":[{"href":"https:\/\/www.cueiwheels.com\/br\/wp-json\/wp\/v2\/product"}],"about":[{"href":"https:\/\/www.cueiwheels.com\/br\/wp-json\/wp\/v2\/types\/product"}],"wp:featuredmedia":[{"embeddable":true,"href":"https:\/\/www.cueiwheels.com\/br\/wp-json\/wp\/v2\/media\/301"}],"wp:attachment":[{"href":"https:\/\/www.cueiwheels.com\/br\/wp-json\/wp\/v2\/media?parent=300"}],"wp:term":[{"taxonomy":"product_brand","embeddable":true,"href":"https:\/\/www.cueiwheels.com\/br\/wp-json\/wp\/v2\/product_brand?post=300"},{"taxonomy":"product_cat","embeddable":true,"href":"https:\/\/www.cueiwheels.com\/br\/wp-json\/wp\/v2\/product_cat?post=300"},{"taxonomy":"product_tag","embeddable":true,"href":"https:\/\/www.cueiwheels.com\/br\/wp-json\/wp\/v2\/product_tag?post=300"}],"curies":[{"name":"wp","href":"https:\/\/api.w.org\/{rel}","templated":true}]}}