{"id":332,"date":"2021-03-02T00:19:43","date_gmt":"2021-03-02T00:19:43","guid":{"rendered":"https:\/\/www.cueiwheels.com\/br\/?post_type=product&#038;p=332"},"modified":"2026-04-01T12:53:59","modified_gmt":"2026-04-01T12:53:59","slug":"70mm-big-sliders-78a","status":"publish","type":"product","link":"https:\/\/www.cueiwheels.com\/br\/shop\/wheels\/sliders\/70mm-big-sliders-78a\/","title":{"rendered":"70mm BIG Sliders 78a"},"content":{"rendered":"<p>[et_pb_section fb_built=&#8221;1&#8243; _builder_version=&#8221;4.16&#8243; custom_padding=&#8221;0px||||false|false&#8221; global_colors_info=&#8221;{}&#8221;][et_pb_row _builder_version=&#8221;4.16&#8243; background_size=&#8221;initial&#8221; background_position=&#8221;top_left&#8221; background_repeat=&#8221;repeat&#8221; width=&#8221;100%&#8221; custom_padding=&#8221;0px||0px||false|false&#8221; global_colors_info=&#8221;{}&#8221;][et_pb_column type=&#8221;4_4&#8243; _builder_version=&#8221;4.16&#8243; custom_padding=&#8221;|||&#8221; global_colors_info=&#8221;{}&#8221; custom_padding__hover=&#8221;|||&#8221;][et_pb_wc_cart_notice _builder_version=&#8221;4.16&#8243; global_colors_info=&#8221;{}&#8221;][\/et_pb_wc_cart_notice][\/et_pb_column][\/et_pb_row][et_pb_row column_structure=&#8221;1_2,1_2&#8243; _builder_version=&#8221;4.16&#8243; background_size=&#8221;initial&#8221; background_position=&#8221;top_left&#8221; background_repeat=&#8221;repeat&#8221; width=&#8221;100%&#8221; custom_padding=&#8221;0px||||false|false&#8221; global_colors_info=&#8221;{}&#8221;][et_pb_column type=&#8221;1_2&#8243; _builder_version=&#8221;4.16&#8243; custom_padding=&#8221;|||&#8221; global_colors_info=&#8221;{}&#8221; custom_padding__hover=&#8221;|||&#8221;][et_pb_wc_images _builder_version=&#8221;4.16&#8243; global_colors_info=&#8221;{}&#8221;][\/et_pb_wc_images][et_pb_video src=&#8221;https:\/\/www.cueiwheels.com\/br\/wp-content\/uploads\/2021\/03\/BIG-SLIDERS-70-480c.mov&#8221; _builder_version=&#8221;4.16&#8243; _module_preset=&#8221;default&#8221; global_colors_info=&#8221;{}&#8221;][\/et_pb_video][\/et_pb_column][et_pb_column type=&#8221;1_2&#8243; _builder_version=&#8221;4.16&#8243; custom_padding=&#8221;|||&#8221; global_colors_info=&#8221;{}&#8221; custom_padding__hover=&#8221;|||&#8221;][et_pb_wc_title _builder_version=&#8221;4.16&#8243; global_colors_info=&#8221;{}&#8221;][\/et_pb_wc_title][et_pb_wc_price _builder_version=&#8221;4.16&#8243; global_colors_info=&#8221;{}&#8221;][\/et_pb_wc_price][et_pb_wc_description _builder_version=&#8221;4.16&#8243; global_colors_info=&#8221;{}&#8221;][\/et_pb_wc_description][et_pb_wc_add_to_cart _builder_version=&#8221;4.16&#8243; global_colors_info=&#8221;{}&#8221;][\/et_pb_wc_add_to_cart][et_pb_divider _builder_version=&#8221;4.16&#8243; _module_preset=&#8221;default&#8221; custom_margin=&#8221;||0px||false|false&#8221; global_colors_info=&#8221;{}&#8221;][\/et_pb_divider][et_pb_wc_description description_type=&#8221;description&#8221; _builder_version=&#8221;4.16&#8243; _module_preset=&#8221;default&#8221; global_colors_info=&#8221;{}&#8221;][\/et_pb_wc_description][et_pb_divider _builder_version=&#8221;4.16&#8243; _module_preset=&#8221;default&#8221; custom_margin=&#8221;||0px||false|false&#8221; global_colors_info=&#8221;{}&#8221;][\/et_pb_divider][et_pb_code _builder_version=&#8221;4.16&#8243; _module_preset=&#8221;default&#8221; global_colors_info=&#8221;{}&#8221;]<iframe loading=\"lazy\" width=\"560\" height=\"315\" src=\"https:\/\/www.youtube.com\/embed\/2uIokq6MtUc\" title=\"YouTube video player\" frameborder=\"0\" allow=\"accelerometer; autoplay; clipboard-write; encrypted-media; gyroscope; picture-in-picture\" allowfullscreen><\/iframe>[\/et_pb_code][\/et_pb_column][\/et_pb_row][\/et_pb_section]<\/p>\n","protected":false},"excerpt":{"rendered":"<p>Cuei Wheels Sliders<br \/>\n70mm<br \/>\n78a Duro<\/p>\n","protected":false},"featured_media":333,"template":"","meta":{"_et_pb_use_builder":"on","_et_pb_old_content":"As novas Cuei BIG Sliders, foram desenvolvidas especialmente para o freeride, mais tamb\u00e9m s\u00e3o uma \u00f3tima op\u00e7\u00e3o para freestyle, cruising e dancing\u2026 Pois elas funcionam perfeitamente em qualquer velocidade, aumentando a liberdade do seu rol\u00e9.\r\n\r\nO novo di\u00e2metro de 70mm, faz com que essa seja um roda perfeita para um role r\u00e1pido e agressivo, sem perder a sensa\u00e7\u00e3o de controle e suavidade durante os slides. Ela vem na mais cremosa f\u00f3rmula j\u00e1 desenvolvida pela Cuei Wheels, com uma dureza de 78a e com uma \u00e1rea de contato de apenas 28mm, proporcionando menos atrito com o solo.\r\nOutro grande detalhe dessa roda \u00e9 o posicionamento do cubo, 100% side-set, isso direciona seu peso nas partes internas das rodas, aumentando ainda mais o seu controle e a deixando ainda mais suave.\r\nAgora voc\u00ea poder\u00e1 mandar slides maiores e mais controlados em sua sess\u00e3o.\r\nE tudo isso em um uret\u00e2no com uma durabilidade incr\u00edvel!!\r\n\r\nDiametro : 70MM\r\nLargura : 43MM\r\nSuperf\u00edcie de contato : 28MM\r\n\r\nDesenvolvida e testada por Thiago Gomes Lessa\r\n2x Campe\u00e3o Mundial.","_et_gb_content_width":""},"product_brand":[],"product_cat":[21,17],"product_tag":[92,93,94,95,117,116,53,61,56,60,52,55,63,91,111,118,54],"class_list":{"0":"post-332","1":"product","2":"type-product","3":"status-publish","4":"has-post-thumbnail","6":"product_cat-sliders","7":"product_cat-wheels","8":"product_tag-65mm","9":"product_tag-70mm","10":"product_tag-big","11":"product_tag-bigsliders","12":"product_tag-branca","13":"product_tag-branco","14":"product_tag-cuei","15":"product_tag-dancing","16":"product_tag-downhill","17":"product_tag-freeride","18":"product_tag-skate","19":"product_tag-skateboard","20":"product_tag-slide","21":"product_tag-sliders","22":"product_tag-vermelha","23":"product_tag-vermelho","24":"product_tag-wheels","26":"first","27":"instock","28":"shipping-taxable","29":"purchasable","30":"product-type-simple"},"_links":{"self":[{"href":"https:\/\/www.cueiwheels.com\/br\/wp-json\/wp\/v2\/product\/332","targetHints":{"allow":["GET"]}}],"collection":[{"href":"https:\/\/www.cueiwheels.com\/br\/wp-json\/wp\/v2\/product"}],"about":[{"href":"https:\/\/www.cueiwheels.com\/br\/wp-json\/wp\/v2\/types\/product"}],"wp:featuredmedia":[{"embeddable":true,"href":"https:\/\/www.cueiwheels.com\/br\/wp-json\/wp\/v2\/media\/333"}],"wp:attachment":[{"href":"https:\/\/www.cueiwheels.com\/br\/wp-json\/wp\/v2\/media?parent=332"}],"wp:term":[{"taxonomy":"product_brand","embeddable":true,"href":"https:\/\/www.cueiwheels.com\/br\/wp-json\/wp\/v2\/product_brand?post=332"},{"taxonomy":"product_cat","embeddable":true,"href":"https:\/\/www.cueiwheels.com\/br\/wp-json\/wp\/v2\/product_cat?post=332"},{"taxonomy":"product_tag","embeddable":true,"href":"https:\/\/www.cueiwheels.com\/br\/wp-json\/wp\/v2\/product_tag?post=332"}],"curies":[{"name":"wp","href":"https:\/\/api.w.org\/{rel}","templated":true}]}}